{"id":281,"date":"2013-01-28T14:29:26","date_gmt":"2013-01-28T14:29:26","guid":{"rendered":"https:\/\/www.sintesix.it\/?page_id=281"},"modified":"2026-02-02T12:37:39","modified_gmt":"2026-02-02T11:37:39","slug":"vetrina-curiosita","status":"publish","type":"page","link":"https:\/\/www.sintesix.it\/en\/vetrina-curiosita\/","title":{"rendered":"Curiosit\u00e0"},"content":{"rendered":"<p><i>In questa pagina sono pubblicate: <\/i><\/p>\n<p><i>riflessioni, idee, pensieri, immagini, contributi video, contributi sonori a contenuto sociale, culturale, di cronaca (con esclusione di qualsiasi richiamo politico, religioso, razziale etc \u2026)<br \/>\n<\/i><\/p>\n<p><strong>Se abbiamo un oggetto e ce lo scambiamo, dopo lo scambio, avremo uguale ricchezza; ma se ci scambiamo un\u2019idea, dopo lo scambio, siamo pi\u00f9 ricchi perch\u00e9 ognuno di noi avr\u00e0 due idee.<\/strong><\/p>\n<p>La capacit\u00e0 dell\u2019uomo di fermarsi a riflettere su un\u2019immagine, un\u2019idea, un pensiero, un\u2019opera, spesso arricchisce la mente, scalda il cuore e rasserena l\u2019anima.<\/p>\n<hr\/>\n<div class=\"media\">\n    <a href=\"https:\/\/www.sintesix.it\/en\/curiosita\/grappein-e-la-casa-dellorologio-di-cogne\/\" class=\"pull-left\"><\/a>\n\n\n    <div class=\"media-body\">\n        <h4><a href=\"https:\/\/www.sintesix.it\/en\/curiosita\/grappein-e-la-casa-dellorologio-di-cogne\/\">(Italiano) Grappein e la Casa dell\u2019Orologio di Cogne.<\/a><\/h4>\n        <br \/>\n        <p class=\"qtranxs-available-languages-message qtranxs-available-languages-message-en\">Sorry, this entry is only available in <a href=\"https:\/\/www.sintesix.it\/it\/wp-json\/wp\/v2\/pages\/281\" class=\"qtranxs-available-language-link qtranxs-available-language-link-it\" title=\"Italiano\">Italiano<\/a>.<\/p>\n    <\/div>\n<\/div>\n<hr \/>\n\n\n\n<div class=\"media\">\n    <a href=\"https:\/\/www.sintesix.it\/en\/curiosita\/ma-piace-il-panettone\/\" class=\"pull-left\"><img loading=\"lazy\" decoding=\"async\" width=\"100\" height=\"100\" src=\"https:\/\/www.sintesix.it\/public\/uploads\/Panettone-con-Pater-100x100.jpg\" class=\"media-object img-rounded wp-post-image\" alt=\"\" srcset=\"https:\/\/www.sintesix.it\/public\/uploads\/Panettone-con-Pater-100x100.jpg 100w, https:\/\/www.sintesix.it\/public\/uploads\/Panettone-con-Pater-150x150.jpg 150w\" sizes=\"auto, (max-width: 100px) 100vw, 100px\" \/><\/a>\n\n\n    <div class=\"media-body\">\n        <h4><a href=\"https:\/\/www.sintesix.it\/en\/curiosita\/ma-piace-il-panettone\/\">(Italiano) Ma Piace il Panettone?<\/a><\/h4>\n        <br \/>\n        <p class=\"qtranxs-available-languages-message qtranxs-available-languages-message-en\">Sorry, this entry is only available in <a href=\"https:\/\/www.sintesix.it\/it\/wp-json\/wp\/v2\/pages\/281\" class=\"qtranxs-available-language-link qtranxs-available-language-link-it\" title=\"Italiano\">Italiano<\/a>.<\/p>\n    <\/div>\n<\/div>\n<hr \/>\n\n\n\n<div class=\"media\">\n    <a href=\"https:\/\/www.sintesix.it\/en\/curiosita\/e-finito-negli-spam-perche-cosa-vuol-dire\/\" class=\"pull-left\"><img loading=\"lazy\" decoding=\"async\" width=\"100\" height=\"100\" src=\"https:\/\/www.sintesix.it\/public\/uploads\/Foto-SPAM-100x100.jpg\" class=\"media-object img-rounded wp-post-image\" alt=\"\" srcset=\"https:\/\/www.sintesix.it\/public\/uploads\/Foto-SPAM-100x100.jpg 100w, https:\/\/www.sintesix.it\/public\/uploads\/Foto-SPAM-150x150.jpg 150w\" sizes=\"auto, (max-width: 100px) 100vw, 100px\" \/><\/a>\n\n\n    <div class=\"media-body\">\n        <h4><a href=\"https:\/\/www.sintesix.it\/en\/curiosita\/e-finito-negli-spam-perche-cosa-vuol-dire\/\">(Italiano) \u00c8 finito negli SPAM: perch\u00e9, cosa vuol dire<\/a><\/h4>\n        <br \/>\n        <p class=\"qtranxs-available-languages-message qtranxs-available-languages-message-en\">Sorry, this entry is only available in <a href=\"https:\/\/www.sintesix.it\/it\/wp-json\/wp\/v2\/pages\/281\" class=\"qtranxs-available-language-link qtranxs-available-language-link-it\" title=\"Italiano\">Italiano<\/a>.<\/p>\n    <\/div>\n<\/div>\n<hr \/>\n\n\n\n<div class=\"media\">\n    <a href=\"https:\/\/www.sintesix.it\/en\/curiosita\/lunita-atomica-dellinformatica-e-un-bit\/\" class=\"pull-left\"><img loading=\"lazy\" decoding=\"async\" width=\"100\" height=\"100\" src=\"https:\/\/www.sintesix.it\/public\/uploads\/bit-100x100.jpg\" class=\"media-object img-rounded wp-post-image\" alt=\"\" srcset=\"https:\/\/www.sintesix.it\/public\/uploads\/bit-100x100.jpg 100w, https:\/\/www.sintesix.it\/public\/uploads\/bit-150x150.jpg 150w\" sizes=\"auto, (max-width: 100px) 100vw, 100px\" \/><\/a>\n\n\n    <div class=\"media-body\">\n        <h4><a href=\"https:\/\/www.sintesix.it\/en\/curiosita\/lunita-atomica-dellinformatica-e-un-bit\/\">(Italiano) L\u2019UNIT\u00c0 ATOMICA DELL\u2019INFORMATICA, \u00e8 un BIT !<\/a><\/h4>\n        <br \/>\n        <p class=\"qtranxs-available-languages-message qtranxs-available-languages-message-en\">Sorry, this entry is only available in <a href=\"https:\/\/www.sintesix.it\/it\/wp-json\/wp\/v2\/pages\/281\" class=\"qtranxs-available-language-link qtranxs-available-language-link-it\" title=\"Italiano\">Italiano<\/a>.<\/p>\n    <\/div>\n<\/div>\n<hr \/>\n\n\n\n<div class=\"media\">\n    <a href=\"https:\/\/www.sintesix.it\/en\/curiosita\/due-lineette\/\" class=\"pull-left\"><img loading=\"lazy\" decoding=\"async\" width=\"100\" height=\"100\" src=\"https:\/\/www.sintesix.it\/public\/uploads\/Perche-negli-Articoli-di-Ragioneria-si-mettono-due-barrette-1-100x100.jpg\" class=\"media-object img-rounded wp-post-image\" alt=\"\" srcset=\"https:\/\/www.sintesix.it\/public\/uploads\/Perche-negli-Articoli-di-Ragioneria-si-mettono-due-barrette-1-100x100.jpg 100w, https:\/\/www.sintesix.it\/public\/uploads\/Perche-negli-Articoli-di-Ragioneria-si-mettono-due-barrette-1-150x150.jpg 150w\" sizes=\"auto, (max-width: 100px) 100vw, 100px\" \/><\/a>\n\n\n    <div class=\"media-body\">\n        <h4><a href=\"https:\/\/www.sintesix.it\/en\/curiosita\/due-lineette\/\">Due lineette<\/a><\/h4>\n        <br \/>\n        <p>Perch\u00e9 \u00e8 invalsa da tempo immemore l\u2019abitudine di tracciare due lineette al termine di un articolo in Partita Doppia, quando lo si scrive a mano ?<\/p>\n<p>\u00a0<\/p>\n<p>\u00a0<\/p>\n<p>\u00a0<\/p>\n<p><a title=\"Luca Pacioli interpretato da Elena Savio\" href=\"http:\/\/audio\">Ascolta cosa scrisse Fra Luca PACIOLI nel 1494 nel Tractatus de Computis et Scripturis<\/p>\n<p><\/a> <a href=\"https:\/\/www.sintesix.it\/en\/curiosita\/due-lineette\/#more-344\" class=\"more-link\">Continua a leggere<\/a><\/p>\n    <\/div>\n<\/div>\n<hr \/>\n\n\n\n<div class=\"media\">\n    <a href=\"https:\/\/www.sintesix.it\/en\/curiosita\/marchio-definizione-e-volgarizzazione\/\" class=\"pull-left\"><img loading=\"lazy\" decoding=\"async\" width=\"100\" height=\"100\" src=\"https:\/\/www.sintesix.it\/public\/uploads\/Marchi-4-100x100.jpg\" class=\"media-object img-rounded wp-post-image\" alt=\"\" srcset=\"https:\/\/www.sintesix.it\/public\/uploads\/Marchi-4-100x100.jpg 100w, https:\/\/www.sintesix.it\/public\/uploads\/Marchi-4-150x150.jpg 150w\" sizes=\"auto, (max-width: 100px) 100vw, 100px\" \/><\/a>\n\n\n    <div class=\"media-body\">\n        <h4><a href=\"https:\/\/www.sintesix.it\/en\/curiosita\/marchio-definizione-e-volgarizzazione\/\">Marchio &#8211; Definizione e Volgarizzazione<\/a><\/h4>\n        <br \/>\n        <p>Di seguito la <strong>definizione<\/strong> legislativa di marchio:<\/p>\n<p>Decreto Legislativo 10 febbraio 2005, n. 30<\/p>\n<p>Articolo 7. <i>Oggetto della registrazione<\/i><\/p>\n<p>Possono costituire oggetto di registrazione come marchio d&#8217;impresa tutti i segni suscettibili di essere rappresentati graficamente, in particolare le parole, compresi i nomi di persone, i disegni, le lettere, le cifre, i suoni, la forma del prodotto o della confezione di esso, le combinazioni o le tonalit\u00e0 cromatiche, purche&#8217; siano atti a distinguere i prodotti o i servizi di un&#8217;impresa da quelli di altre imprese.<\/p>\n<p> <a href=\"https:\/\/www.sintesix.it\/en\/curiosita\/marchio-definizione-e-volgarizzazione\/#more-239\" class=\"more-link\">Continua a leggere<\/a><\/p>\n    <\/div>\n<\/div>\n<hr \/>\n\n\n\n<div class=\"media\">\n    <a href=\"https:\/\/www.sintesix.it\/en\/curiosita\/luca-pacioli-giornale-cap-x\/\" class=\"pull-left\"><img loading=\"lazy\" decoding=\"async\" width=\"100\" height=\"100\" src=\"https:\/\/www.sintesix.it\/public\/uploads\/Luca-Pacioli-Giornale-Cap-X-100x100.jpg\" class=\"media-object img-rounded wp-post-image\" alt=\"\" srcset=\"https:\/\/www.sintesix.it\/public\/uploads\/Luca-Pacioli-Giornale-Cap-X-100x100.jpg 100w, https:\/\/www.sintesix.it\/public\/uploads\/Luca-Pacioli-Giornale-Cap-X-150x150.jpg 150w\" sizes=\"auto, (max-width: 100px) 100vw, 100px\" \/><\/a>\n\n\n    <div class=\"media-body\">\n        <h4><a href=\"https:\/\/www.sintesix.it\/en\/curiosita\/luca-pacioli-giornale-cap-x\/\">Luca Pacioli &#8211; Giornale Capitolo X<\/a><\/h4>\n        <br \/>\n        <p>Ecco come Fra Luca Pacioli definiva il Giornale &#8211; Capitolo X<\/p>\n<p> <a href=\"https:\/\/www.sintesix.it\/en\/curiosita\/luca-pacioli-giornale-cap-x\/#more-526\" class=\"more-link\">Continua a leggere<\/a><\/p>\n    <\/div>\n<\/div>\n<hr \/>\n\n\n\n\n<p><a href=\"https:\/\/www.sintesix.it\/curiosita\/\">Visualizza l&#8217;archivio completo delle curiosit\u00e0 precedenti<\/a><\/p>","protected":false},"excerpt":{"rendered":"<p>In questa pagina sono pubblicate: riflessioni, idee, pensieri, immagini, contributi video, contributi sonori a contenuto sociale, culturale, di cronaca (con esclusione di qualsiasi richiamo politico, religioso, razziale etc \u2026) Se abbiamo un oggetto e ce lo scambiamo, dopo lo scambio, avremo uguale ricchezza; ma se ci scambiamo un\u2019idea, dopo lo scambio, siamo pi\u00f9 ricchi perch\u00e9 &#8230; <a class=\"muted\" href=\"https:\/\/www.sintesix.it\/en\/vetrina-curiosita\/\" title=\"Curiosit\u00e0\" rel=\"bookmark\">continua &raquo;<\/a> <\/p>\n","protected":false},"author":1,"featured_media":425,"parent":0,"menu_order":0,"comment_status":"open","ping_status":"closed","template":"","meta":{"footnotes":""},"class_list":["post-281","page","type-page","status-publish","has-post-thumbnail","hentry"],"_links":{"self":[{"href":"https:\/\/www.sintesix.it\/en\/wp-json\/wp\/v2\/pages\/281","targetHints":{"allow":["GET"]}}],"collection":[{"href":"https:\/\/www.sintesix.it\/en\/wp-json\/wp\/v2\/pages"}],"about":[{"href":"https:\/\/www.sintesix.it\/en\/wp-json\/wp\/v2\/types\/page"}],"author":[{"embeddable":true,"href":"https:\/\/www.sintesix.it\/en\/wp-json\/wp\/v2\/users\/1"}],"replies":[{"embeddable":true,"href":"https:\/\/www.sintesix.it\/en\/wp-json\/wp\/v2\/comments?post=281"}],"version-history":[{"count":16,"href":"https:\/\/www.sintesix.it\/en\/wp-json\/wp\/v2\/pages\/281\/revisions"}],"predecessor-version":[{"id":3784,"href":"https:\/\/www.sintesix.it\/en\/wp-json\/wp\/v2\/pages\/281\/revisions\/3784"}],"wp:featuredmedia":[{"embeddable":true,"href":"https:\/\/www.sintesix.it\/en\/wp-json\/wp\/v2\/media\/425"}],"wp:attachment":[{"href":"https:\/\/www.sintesix.it\/en\/wp-json\/wp\/v2\/media?parent=281"}],"curies":[{"name":"wp","href":"https:\/\/api.w.org\/{rel}","templated":true}]}}